{"id":2,"date":"2015-03-09T20:12:45","date_gmt":"2015-03-09T19:12:45","guid":{"rendered":"http:\/\/www.tsv-altomuenster.de\/neu\/?page_id=2"},"modified":"2026-03-16T14:34:33","modified_gmt":"2026-03-16T13:34:33","slug":"beispiel-seite","status":"publish","type":"page","link":"https:\/\/www.tsv-altomuenster.de\/","title":{"rendered":"Willkommen"},"content":{"rendered":"<h3><em>TSV Altom\u00fcnster &#8211; Dein Verein f\u00fcr die ganze Familie&#8230;<\/em><\/h3>\n\r\n\t<div class=\"imgmap-frontend-image\">\r\n\t<div class=\"imgmap-dialog-wrapper\" id=\"imgmap-dialog-489-1\"><\/div>\r\n\t<img decoding=\"async\" src=\"http:\/\/www.tsv-altomuenster.de\/neu\/wp-content\/uploads\/2015\/06\/Startseite2.png\" usemap=\"#imgmap-489-1\" id=\"imagemap-489-1\" \/>\r\n\t<map name=\"imgmap-489-1\"><area data-type=\"link\" data-tooltip=\"\" data-fill-color=\"fefefe\" data-fill-opacity=\"0.3\" data-stroke-color=\"fefefe\" data-stroke-opacity=\"0\" data-stroke-width=\"0\" data-mapkey=\"area-507\" shape=\"poly\" coords=\"407,708,382,762,376,810,391,847,410,871,459,889,500,891,552,883,560,853,558,805,556,753,548,735,523,712,459,692\" href=\"https:\/\/www.tsv-altomuenster.de\/?page_id=8\" title=\"\" \/><area data-type=\"link\" data-tooltip=\"\" data-fill-color=\"fefefe\" data-fill-opacity=\"0.3\" data-stroke-color=\"fefefe\" data-stroke-opacity=\"0\" data-stroke-width=\"0\" data-mapkey=\"area-506\" shape=\"poly\" coords=\"702,673,671,712,663,730,648,756,648,772,652,801,654,843,660,871,678,881,708,897,741,911,781,918,836,916,882,910,913,888,945,865,953,838,943,808,943,776,934,747,919,712,899,696\" href=\"https:\/\/www.tsv-altomuenster.de\/?page_id=18\" title=\"\" \/><area data-type=\"link\" data-tooltip=\"\" data-fill-color=\"fefefe\" data-fill-opacity=\"0.3\" data-stroke-color=\"fefefe\" data-stroke-opacity=\"0\" data-stroke-width=\"0\" data-mapkey=\"area-505\" shape=\"poly\" coords=\"981,589,953,628,934,661,930,689,934,717,945,740,952,767,959,782,962,802,962,821,962,834,971,834,980,847,1007,858,1037,864,1071,872,1113,850,1148,829,1185,781,1211,736,1230,687,1220,631,1207,579,1188,553,1159,525,1115,521,1069,526\" href=\"https:\/\/www.tsv-altomuenster.de\/?page_id=16\" title=\"\" \/><area data-type=\"link\" data-tooltip=\"\" data-fill-color=\"fefefe\" data-fill-opacity=\"0.3\" data-stroke-color=\"fefefe\" data-stroke-opacity=\"0\" data-stroke-width=\"0\" data-mapkey=\"area-504\" shape=\"poly\" coords=\"664,397,642,437,632,481,634,521,646,548,660,568,681,599,696,622,715,638,753,656,788,668,834,676,879,682,903,683,921,671,930,652,951,614,974,583,1006,563,1034,536,1059,525,1073,512,1064,479,1060,439,1038,426,961,398,912,381,850,375,788,368\" href=\"https:\/\/www.tsv-altomuenster.de\/?page_id=20\" title=\"\" \/><area data-type=\"link\" data-tooltip=\"\" data-fill-color=\"fefefe\" data-fill-opacity=\"0.3\" data-stroke-color=\"fefefe\" data-stroke-opacity=\"0\" data-stroke-width=\"0\" data-mapkey=\"area-503\" shape=\"poly\" coords=\"470,394,412,426,403,453,388,499,372,532,363,549,382,589,389,625,398,655,407,683,435,681,453,670,489,683,517,689,546,707,558,719,573,753,573,781,571,805,568,845,590,865,610,866,632,846,635,828,635,762,645,740,669,696,682,668,676,614,644,575,627,519,615,486,615,463,612,425,597,401,551,390\" href=\"https:\/\/www.tsv-altomuenster.de\/?page_id=12\" title=\"\" \/><area data-type=\"link\" data-tooltip=\"\" data-fill-color=\"fefefe\" data-fill-opacity=\"0.3\" data-stroke-color=\"fefefe\" data-stroke-opacity=\"0\" data-stroke-width=\"0\" data-mapkey=\"area-502\" shape=\"poly\" coords=\"322,294,294,321,283,355,283,390,290,441,300,460,316,481,344,503,363,512,384,478,397,444,408,409,410,365,412,330,393,298,368,273\" href=\"https:\/\/www.tsv-altomuenster.de\/?page_id=8\" title=\"\" \/><area data-type=\"link\" data-tooltip=\"\" data-fill-color=\"fefefe\" data-fill-opacity=\"0.3\" data-stroke-color=\"fefefe\" data-stroke-opacity=\"0\" data-stroke-width=\"0\" data-mapkey=\"area-501\" shape=\"poly\" coords=\"42,369,4,445,13,558,45,678,148,802,260,894,328,869,367,847,354,766,397,704,373,610,324,511,266,437,177,365\" href=\"https:\/\/www.tsv-altomuenster.de\/?page_id=14\" title=\"\" \/><area data-type=\"link\" data-tooltip=\"\" data-fill-color=\"fefefe\" data-fill-opacity=\"0.3\" data-stroke-color=\"fefefe\" data-stroke-opacity=\"0\" data-stroke-width=\"0\" data-mapkey=\"area-500\" shape=\"poly\" coords=\"1154,417,1225,366,1240,255,1226,139,1228,94,1142,60,1102,60,1045,89,1033,124,936,119,892,121,889,196,852,248,856,294,873,339,941,375,995,401,1060,423\" href=\"https:\/\/www.tsv-altomuenster.de\/?page_id=8\" title=\"\" \/><area data-type=\"link\" data-tooltip=\"\" data-fill-color=\"fefefe\" data-fill-opacity=\"0.3\" data-stroke-color=\"fefefe\" data-stroke-opacity=\"0\" data-stroke-width=\"0\" data-mapkey=\"area-499\" shape=\"poly\" coords=\"435,124,789,112,840,187,838,296,818,345,722,368,610,383,489,363,422,326,379,259,390,189\" href=\"https:\/\/www.tsv-altomuenster.de\/?page_id=22\" title=\"\" \/><area data-type=\"link\" data-tooltip=\"\" data-fill-color=\"fefefe\" data-fill-opacity=\"0.3\" data-stroke-color=\"fefefe\" data-stroke-opacity=\"0\" data-stroke-width=\"0\" data-mapkey=\"area-498\" shape=\"poly\" coords=\"71,153,166,113,282,121,355,145,366,217,296,277,231,342,121,353,60,339,26,290,21,230\" href=\"https:\/\/www.tsv-altomuenster.de\/?page_id=10\" title=\"\" \/><area data-type=\"link\" data-tooltip=\"\" data-fill-color=\"fefefe\" data-fill-opacity=\"0.3\" data-stroke-color=\"fefefe\" data-stroke-opacity=\"0\" data-stroke-width=\"0\" data-mapkey=\"area-497\" shape=\"poly\" coords=\"787,53,1026,58,1027,108,787,105\" href=\"https:\/\/www.tsv-altomuenster.de\/?page_id=22\" title=\"\" \/><area data-type=\"link\" data-tooltip=\"\" data-fill-color=\"fefefe\" data-fill-opacity=\"0.3\" data-stroke-color=\"fefefe\" data-stroke-opacity=\"0\" data-stroke-width=\"0\" data-mapkey=\"area-496\" shape=\"poly\" coords=\"464,58,781,56,777,109,462,105\" href=\"https:\/\/www.tsv-altomuenster.de\/?page_id=20\" title=\"\" \/><area data-type=\"link\" data-tooltip=\"\" data-fill-color=\"fefefe\" data-fill-opacity=\"0.3\" data-stroke-color=\"fefefe\" data-stroke-opacity=\"0\" data-stroke-width=\"0\" data-mapkey=\"area-495\" shape=\"poly\" coords=\"191,56,457,57,451,109,198,108\" href=\"https:\/\/www.tsv-altomuenster.de\/?page_id=18\" title=\"\" \/><area data-type=\"link\" data-tooltip=\"\" data-fill-color=\"fefefe\" data-fill-opacity=\"0.3\" data-stroke-color=\"fefefe\" data-stroke-opacity=\"0\" data-stroke-width=\"0\" data-mapkey=\"area-494\" shape=\"poly\" coords=\"855,4,1150,10,1148,53,858,51\" href=\"https:\/\/www.tsv-altomuenster.de\/?page_id=16\" title=\"\" \/><area data-type=\"link\" data-tooltip=\"\" data-fill-color=\"fefefe\" data-fill-opacity=\"0.3\" data-stroke-color=\"fefefe\" data-stroke-opacity=\"0\" data-stroke-width=\"0\" data-mapkey=\"area-493\" shape=\"poly\" coords=\"723,3,847,1,845,44,727,50\" href=\"https:\/\/www.tsv-altomuenster.de\/?page_id=14\" title=\"\" \/><area data-type=\"link\" data-tooltip=\"\" data-fill-color=\"fefefe\" data-fill-opacity=\"0.3\" data-stroke-color=\"fefefe\" data-stroke-opacity=\"0\" data-stroke-width=\"0\" data-mapkey=\"area-492\" shape=\"poly\" coords=\"363,5,712,5,711,55,364,50\" href=\"https:\/\/www.tsv-altomuenster.de\/?page_id=12\" title=\"\" \/><area data-type=\"link\" data-tooltip=\"\" data-fill-color=\"fefefe\" data-fill-opacity=\"0.3\" data-stroke-color=\"fefefe\" data-stroke-opacity=\"0\" data-stroke-width=\"0\" data-mapkey=\"area-491\" shape=\"poly\" coords=\"274,4,352,5,351,48,272,49\" href=\"https:\/\/www.tsv-altomuenster.de\/?page_id=10\" title=\"\" \/><area data-type=\"link\" data-tooltip=\"\" data-fill-color=\"fefefe\" data-fill-opacity=\"0.3\" data-stroke-color=\"fefefe\" data-stroke-opacity=\"0\" data-stroke-width=\"0\" data-mapkey=\"area-490\" shape=\"poly\" coords=\"87,7,80,7,265,4,260,50,85,52\" href=\"https:\/\/www.tsv-altomuenster.de\/?page_id=8\" title=\"\" \/><\/map>\r\n\t<\/div>\n<p>&#8230;dieser Slogan ist unser Programm. Im TSV Altom\u00fcnster findet jeder Sportbegeisterte von Jung bis Alt Gleichgesinnte mit denen er oder sie seiner oder ihrer Lieblingssportart nachgehen kann. F\u00fcr mehr Informationen klicken sie einfach in den entsprechenden Bereich auf dem Bild oder nutzen das Men\u00fc.<\/p>\n<p><img loading=\"lazy\" decoding=\"async\" class=\"wp-image-220 size-full\" src=\"http:\/\/www.tsv-altomuenster.de\/neu\/wp-content\/uploads\/2015\/05\/Sportplatz2-e1432107410847.jpg\" alt=\"Sportplatz2\" width=\"1496\" height=\"531\" srcset=\"https:\/\/www.tsv-altomuenster.de\/neu\/wp-content\/uploads\/2015\/05\/Sportplatz2-e1432107410847.jpg 1496w, https:\/\/www.tsv-altomuenster.de\/neu\/wp-content\/uploads\/2015\/05\/Sportplatz2-e1432107410847-300x106.jpg 300w, https:\/\/www.tsv-altomuenster.de\/neu\/wp-content\/uploads\/2015\/05\/Sportplatz2-e1432107410847-1024x363.jpg 1024w\" sizes=\"auto, (max-width: 1496px) 100vw, 1496px\" \/>Vereinsheim und Sportplatz in Altom\u00fcnster<\/p>\n\n\n<p><strong><a href=\"https:\/\/team.jako.de\/de\/team\/tsv_altomuenster\/\" target=\"_blank\" rel=\"noreferrer noopener\">Hier gehts zum Teamshop des TSV Altom\u00fcnster<\/a><\/strong><\/p>\n\n\n<div class=\"wp-block-image\">\n<figure class=\"aligncenter size-full\"><a href=\"http:\/\/www.tsv-altomuenster.de\/?page_id=4331\"><img loading=\"lazy\" decoding=\"async\" width=\"226\" height=\"309\" src=\"http:\/\/www.tsv-altomuenster.de\/neu\/wp-content\/uploads\/2024\/11\/LED-Bleuchtung.png\" alt=\"\" class=\"wp-image-4326\" srcset=\"https:\/\/www.tsv-altomuenster.de\/neu\/wp-content\/uploads\/2024\/11\/LED-Bleuchtung.png 226w, https:\/\/www.tsv-altomuenster.de\/neu\/wp-content\/uploads\/2024\/11\/LED-Bleuchtung-219x300.png 219w\" sizes=\"auto, (max-width: 226px) 100vw, 226px\" \/><\/a><\/figure>\n<\/div>\n\n<div class=\"wp-block-image\">\n<figure class=\"aligncenter size-large\"><img loading=\"lazy\" decoding=\"async\" width=\"732\" height=\"1024\" src=\"http:\/\/www.tsv-altomuenster.de\/neu\/wp-content\/uploads\/2025\/10\/Flyer_Basketball-732x1024.jpg\" alt=\"\" class=\"wp-image-4428\" srcset=\"https:\/\/www.tsv-altomuenster.de\/neu\/wp-content\/uploads\/2025\/10\/Flyer_Basketball-732x1024.jpg 732w, https:\/\/www.tsv-altomuenster.de\/neu\/wp-content\/uploads\/2025\/10\/Flyer_Basketball-214x300.jpg 214w, https:\/\/www.tsv-altomuenster.de\/neu\/wp-content\/uploads\/2025\/10\/Flyer_Basketball-768x1075.jpg 768w, https:\/\/www.tsv-altomuenster.de\/neu\/wp-content\/uploads\/2025\/10\/Flyer_Basketball.jpg 798w\" sizes=\"auto, (max-width: 732px) 100vw, 732px\" \/><\/figure>\n<\/div>","protected":false},"excerpt":{"rendered":"<p>TSV Altom\u00fcnster &#8211; Dein Verein f\u00fcr die ganze Familie&#8230; &#8230;dieser Slogan ist unser Programm. Im TSV Altom\u00fcnster findet jeder Sportbegeisterte von Jung bis Alt Gleichgesinnte mit denen er oder sie seiner oder ihrer Lieblingssportart nachgehen kann. F\u00fcr mehr Informationen klicken sie einfach in den entsprechenden Bereich auf dem Bild oder nutzen das Men\u00fc. Vereinsheim und &hellip; <a href=\"https:\/\/www.tsv-altomuenster.de\/\" class=\"more-link\"><span class=\"screen-reader-text\">Willkommen<\/span> weiterlesen <span class=\"meta-nav\">&rarr;<\/span><\/a><\/p>\n","protected":false},"author":1,"featured_media":0,"parent":0,"menu_order":0,"comment_status":"closed","ping_status":"closed","template":"","meta":{"footnotes":""},"class_list":["post-2","page","type-page","status-publish","hentry"],"_links":{"self":[{"href":"https:\/\/www.tsv-altomuenster.de\/index.php?rest_route=\/wp\/v2\/pages\/2","targetHints":{"allow":["GET"]}}],"collection":[{"href":"https:\/\/www.tsv-altomuenster.de\/index.php?rest_route=\/wp\/v2\/pages"}],"about":[{"href":"https:\/\/www.tsv-altomuenster.de\/index.php?rest_route=\/wp\/v2\/types\/page"}],"author":[{"embeddable":true,"href":"https:\/\/www.tsv-altomuenster.de\/index.php?rest_route=\/wp\/v2\/users\/1"}],"replies":[{"embeddable":true,"href":"https:\/\/www.tsv-altomuenster.de\/index.php?rest_route=%2Fwp%2Fv2%2Fcomments&post=2"}],"version-history":[{"count":49,"href":"https:\/\/www.tsv-altomuenster.de\/index.php?rest_route=\/wp\/v2\/pages\/2\/revisions"}],"predecessor-version":[{"id":4520,"href":"https:\/\/www.tsv-altomuenster.de\/index.php?rest_route=\/wp\/v2\/pages\/2\/revisions\/4520"}],"wp:attachment":[{"href":"https:\/\/www.tsv-altomuenster.de\/index.php?rest_route=%2Fwp%2Fv2%2Fmedia&parent=2"}],"curies":[{"name":"wp","href":"https:\/\/api.w.org\/{rel}","templated":true}]}}