{"id":4331,"date":"2024-11-14T07:44:08","date_gmt":"2024-11-14T06:44:08","guid":{"rendered":"http:\/\/www.tsv-altomuenster.de\/?page_id=4331"},"modified":"2025-11-04T07:54:49","modified_gmt":"2025-11-04T06:54:49","slug":"neue-led-flutlichtanlage","status":"publish","type":"page","link":"http:\/\/www.tsv-altomuenster.de\/?page_id=4331","title":{"rendered":"Neue LED-Flutlichtanlage"},"content":{"rendered":"\n<pre class=\"wp-block-preformatted\">Unsere neue LUMOSA LED-Flutlichtanlage<\/pre>\n\n\n<div class=\"wp-block-image\">\n<figure class=\"aligncenter size-full\"><img loading=\"lazy\" decoding=\"async\" width=\"226\" height=\"309\" src=\"http:\/\/www.tsv-altomuenster.de\/neu\/wp-content\/uploads\/2024\/11\/LED-Bleuchtung.png\" alt=\"\" class=\"wp-image-4326\" srcset=\"http:\/\/www.tsv-altomuenster.de\/neu\/wp-content\/uploads\/2024\/11\/LED-Bleuchtung.png 226w, http:\/\/www.tsv-altomuenster.de\/neu\/wp-content\/uploads\/2024\/11\/LED-Bleuchtung-219x300.png 219w\" sizes=\"auto, (max-width: 226px) 100vw, 226px\" \/><\/figure>\n<\/div>\n\n\n<pre class=\"wp-block-preformatted\">Nationale Klimaschutzinitiative<\/pre>\n\n\n\n<pre class=\"wp-block-preformatted\">Mit der Nationalen Klimaschutzinitiative initiiert und f\u00f6rdert das Bundesumweltministerium seit 2008 zahlreiche Projekte, die einen Beitrag zur Senkung der Treibhausgasimmissionen leisten. &nbsp;Der TSV Altom\u00fcnster 1912 e.V. reduziert durch die Umstellung der Flutlichtanlage auf LED-Technik ihren Stromverbrauch um 76,27%.<strong><br><\/strong><\/pre>\n\n\n\n<pre class=\"wp-block-preformatted\">Ihre Programme und Projekte decken ein breites Spektrum an Klimaschutzaktivit\u00e4ten ab: Von der Entwicklung langfristiger Strategien bis hin zu den konkreten Hilfestellungen und investiven F\u00f6rderma\u00dfnahmen. Diese Vielfallt ist Garant f\u00fcr gute Ideen.<\/pre>\n\n\n\n<pre class=\"wp-block-preformatted\">Die Nationale Klimaklimaschutzinitiative tr\u00e4gt zu einer Verankerung des Klimaschutzes vor Ort bei. <br><\/pre>\n\n\n\n<pre class=\"wp-block-preformatted\">Von ihr profitieren Verbraucherinnen und Verbraucher, ebenso wie Unternehmen, Kommunen, Bildungseinrichtungen und Sportvereine.<\/pre>\n\n\n\n<pre class=\"wp-block-preformatted\">&nbsp;\nF\u00f6rderkennzeichen: 67K24388<\/pre>\n\n\n\n<p>Vorhabenzeitraum: 01.11.2023 \u2013 31.10.2024<\/p>\n\n\n\n<p>Weitere Informationen unter <a href=\"http:\/\/www.klimaschutz.de\/kommunalrichtlinie\">www.klimaschutz.de\/kommunalrichtlinie<\/a><\/p>\n\n\n\n<figure class=\"wp-block-image size-full\"><img loading=\"lazy\" decoding=\"async\" width=\"278\" height=\"52\" src=\"http:\/\/www.tsv-altomuenster.de\/neu\/wp-content\/uploads\/2024\/11\/Lumosa.png\" alt=\"\" class=\"wp-image-4334\"\/><\/figure>\n\n\n\n<p><\/p>\n","protected":false},"excerpt":{"rendered":"<p>Unsere neue LUMOSA LED-Flutlichtanlage Nationale Klimaschutzinitiative Mit der Nationalen Klimaschutzinitiative initiiert und f\u00f6rdert das Bundesumweltministerium seit 2008 zahlreiche Projekte, die einen Beitrag zur Senkung der Treibhausgasimmissionen leisten. &nbsp;Der TSV Altom\u00fcnster 1912 e.V. reduziert durch die Umstellung der Flutlichtanlage auf LED-Technik ihren Stromverbrauch um 76,27%. Ihre Programme und Projekte decken ein breites Spektrum an Klimaschutzaktivit\u00e4ten ab: &hellip; <a href=\"http:\/\/www.tsv-altomuenster.de\/?page_id=4331\" class=\"more-link\"><span class=\"screen-reader-text\">Neue LED-Flutlichtanlage<\/span> weiterlesen <span class=\"meta-nav\">&rarr;<\/span><\/a><\/p>\n","protected":false},"author":3,"featured_media":0,"parent":0,"menu_order":0,"comment_status":"closed","ping_status":"closed","template":"","meta":{"footnotes":""},"class_list":["post-4331","page","type-page","status-publish","hentry"],"_links":{"self":[{"href":"http:\/\/www.tsv-altomuenster.de\/index.php?rest_route=\/wp\/v2\/pages\/4331","targetHints":{"allow":["GET"]}}],"collection":[{"href":"http:\/\/www.tsv-altomuenster.de\/index.php?rest_route=\/wp\/v2\/pages"}],"about":[{"href":"http:\/\/www.tsv-altomuenster.de\/index.php?rest_route=\/wp\/v2\/types\/page"}],"author":[{"embeddable":true,"href":"http:\/\/www.tsv-altomuenster.de\/index.php?rest_route=\/wp\/v2\/users\/3"}],"replies":[{"embeddable":true,"href":"http:\/\/www.tsv-altomuenster.de\/index.php?rest_route=%2Fwp%2Fv2%2Fcomments&post=4331"}],"version-history":[{"count":3,"href":"http:\/\/www.tsv-altomuenster.de\/index.php?rest_route=\/wp\/v2\/pages\/4331\/revisions"}],"predecessor-version":[{"id":4437,"href":"http:\/\/www.tsv-altomuenster.de\/index.php?rest_route=\/wp\/v2\/pages\/4331\/revisions\/4437"}],"wp:attachment":[{"href":"http:\/\/www.tsv-altomuenster.de\/index.php?rest_route=%2Fwp%2Fv2%2Fmedia&parent=4331"}],"curies":[{"name":"wp","href":"https:\/\/api.w.org\/{rel}","templated":true}]}}